{"id":2,"date":"2018-01-04T13:42:35","date_gmt":"2018-01-04T12:42:35","guid":{"rendered":"https:\/\/asvime.es\/?page_id=2"},"modified":"2022-05-18T09:45:51","modified_gmt":"2022-05-18T08:45:51","slug":"sample-page","status":"publish","type":"page","link":"https:\/\/vimezamora.es\/","title":{"rendered":"Vimezamora"},"content":{"rendered":"<div style=\"text-align: justify;\">\n<p>Bienvenidos a la sede electr\u00f3nica de la Asociaci\u00f3n Profesional de Informadores T\u00e9cnicos Sanitarios de Zamora.<\/p>\n<\/div>\n\n\n<div class=\"wp-block-group\"><div class=\"wp-block-group__inner-container is-layout-flow wp-block-group-is-layout-flow\">\n<p><strong>CONTACTO<\/strong><\/p>\n\n\n\n<ul class=\"wp-block-list\"><li>Lunes a Viernes de 10 a 12 horas.<\/li><li>699 032 042<\/li><li>secretaria@vimezamora.es<\/li><\/ul>\n<\/div><\/div>\n\n\n\n<div class=\"wp-block-group\"><div class=\"wp-block-group__inner-container is-layout-flow wp-block-group-is-layout-flow\"><\/div><\/div>\n\n\n\n<p><\/p>\n","protected":false},"excerpt":{"rendered":"<p>Bienvenidos a la sede electr\u00f3nica de la Asociaci\u00f3n Profesional de Informadores T\u00e9cnicos Sanitarios de Zamora. CONTACTO Lunes a Viernes de 10 a 12 horas. 699 032 042 secretaria@vimezamora.es<\/p>\n","protected":false},"author":1,"featured_media":0,"parent":0,"menu_order":0,"comment_status":"closed","ping_status":"closed","template":"","meta":{"_genesis_hide_title":false,"_genesis_hide_breadcrumbs":false,"_genesis_hide_singular_image":false,"_genesis_hide_footer_widgets":false,"_genesis_custom_body_class":"","_genesis_custom_post_class":"","_genesis_layout":"","footnotes":""},"class_list":{"0":"post-2","1":"page","2":"type-page","3":"status-publish","5":"entry"},"yoast_head":"<!-- This site is optimized with the Yoast SEO plugin v27.5 - https:\/\/yoast.com\/product\/yoast-seo-wordpress\/ -->\n<title>Vimezamora - Asociaci\u00f3n Profesional de ITS de Zamora<\/title>\n<meta name=\"robots\" content=\"index, follow, max-snippet:-1, max-image-preview:large, max-video-preview:-1\" \/>\n<link rel=\"canonical\" href=\"https:\/\/vimezamora.es\/\" \/>\n<meta property=\"og:locale\" content=\"es_ES\" \/>\n<meta property=\"og:type\" content=\"article\" \/>\n<meta property=\"og:title\" content=\"Vimezamora - Asociaci\u00f3n Profesional de ITS de Zamora\" \/>\n<meta property=\"og:description\" content=\"Bienvenidos a la sede electr\u00f3nica de la Asociaci\u00f3n Profesional de Informadores T\u00e9cnicos Sanitarios de Zamora. CONTACTO Lunes a Viernes de 10 a 12 horas. 699 032 042 secretaria@vimezamora.es\" \/>\n<meta property=\"og:url\" content=\"https:\/\/vimezamora.es\/\" \/>\n<meta property=\"og:site_name\" content=\"Asociaci\u00f3n Profesional de ITS de Zamora\" \/>\n<meta property=\"article:modified_time\" content=\"2022-05-18T08:45:51+00:00\" \/>\n<meta name=\"twitter:card\" content=\"summary_large_image\" \/>\n<meta name=\"twitter:label1\" content=\"Tiempo de lectura\" \/>\n\t<meta name=\"twitter:data1\" content=\"1 minuto\" \/>\n<script type=\"application\/ld+json\" class=\"yoast-schema-graph\">{\"@context\":\"https:\\\/\\\/schema.org\",\"@graph\":[{\"@type\":\"WebPage\",\"@id\":\"https:\\\/\\\/vimezamora.es\\\/\",\"url\":\"https:\\\/\\\/vimezamora.es\\\/\",\"name\":\"Vimezamora - Asociaci\u00f3n Profesional de ITS de Zamora\",\"isPartOf\":{\"@id\":\"https:\\\/\\\/vimezamora.es\\\/#website\"},\"datePublished\":\"2018-01-04T12:42:35+00:00\",\"dateModified\":\"2022-05-18T08:45:51+00:00\",\"breadcrumb\":{\"@id\":\"https:\\\/\\\/vimezamora.es\\\/#breadcrumb\"},\"inLanguage\":\"es\",\"potentialAction\":[{\"@type\":\"ReadAction\",\"target\":[\"https:\\\/\\\/vimezamora.es\\\/\"]}]},{\"@type\":\"BreadcrumbList\",\"@id\":\"https:\\\/\\\/vimezamora.es\\\/#breadcrumb\",\"itemListElement\":[{\"@type\":\"ListItem\",\"position\":1,\"name\":\"Home\",\"item\":\"https:\\\/\\\/vimezamora.es\\\/\"},{\"@type\":\"ListItem\",\"position\":2,\"name\":\"Vimezamora\"}]},{\"@type\":\"WebSite\",\"@id\":\"https:\\\/\\\/vimezamora.es\\\/#website\",\"url\":\"https:\\\/\\\/vimezamora.es\\\/\",\"name\":\"Asociaci\u00f3n Profesional de ITS de Zamora\",\"description\":\"Vimezamora\",\"potentialAction\":[{\"@type\":\"SearchAction\",\"target\":{\"@type\":\"EntryPoint\",\"urlTemplate\":\"https:\\\/\\\/vimezamora.es\\\/?s={search_term_string}\"},\"query-input\":{\"@type\":\"PropertyValueSpecification\",\"valueRequired\":true,\"valueName\":\"search_term_string\"}}],\"inLanguage\":\"es\"}]}<\/script>\n<!-- \/ Yoast SEO plugin. -->","yoast_head_json":{"title":"Vimezamora - Asociaci\u00f3n Profesional de ITS de Zamora","robots":{"index":"index","follow":"follow","max-snippet":"max-snippet:-1","max-image-preview":"max-image-preview:large","max-video-preview":"max-video-preview:-1"},"canonical":"https:\/\/vimezamora.es\/","og_locale":"es_ES","og_type":"article","og_title":"Vimezamora - Asociaci\u00f3n Profesional de ITS de Zamora","og_description":"Bienvenidos a la sede electr\u00f3nica de la Asociaci\u00f3n Profesional de Informadores T\u00e9cnicos Sanitarios de Zamora. CONTACTO Lunes a Viernes de 10 a 12 horas. 699 032 042 secretaria@vimezamora.es","og_url":"https:\/\/vimezamora.es\/","og_site_name":"Asociaci\u00f3n Profesional de ITS de Zamora","article_modified_time":"2022-05-18T08:45:51+00:00","twitter_card":"summary_large_image","twitter_misc":{"Tiempo de lectura":"1 minuto"},"schema":{"@context":"https:\/\/schema.org","@graph":[{"@type":"WebPage","@id":"https:\/\/vimezamora.es\/","url":"https:\/\/vimezamora.es\/","name":"Vimezamora - Asociaci\u00f3n Profesional de ITS de Zamora","isPartOf":{"@id":"https:\/\/vimezamora.es\/#website"},"datePublished":"2018-01-04T12:42:35+00:00","dateModified":"2022-05-18T08:45:51+00:00","breadcrumb":{"@id":"https:\/\/vimezamora.es\/#breadcrumb"},"inLanguage":"es","potentialAction":[{"@type":"ReadAction","target":["https:\/\/vimezamora.es\/"]}]},{"@type":"BreadcrumbList","@id":"https:\/\/vimezamora.es\/#breadcrumb","itemListElement":[{"@type":"ListItem","position":1,"name":"Home","item":"https:\/\/vimezamora.es\/"},{"@type":"ListItem","position":2,"name":"Vimezamora"}]},{"@type":"WebSite","@id":"https:\/\/vimezamora.es\/#website","url":"https:\/\/vimezamora.es\/","name":"Asociaci\u00f3n Profesional de ITS de Zamora","description":"Vimezamora","potentialAction":[{"@type":"SearchAction","target":{"@type":"EntryPoint","urlTemplate":"https:\/\/vimezamora.es\/?s={search_term_string}"},"query-input":{"@type":"PropertyValueSpecification","valueRequired":true,"valueName":"search_term_string"}}],"inLanguage":"es"}]}},"_links":{"self":[{"href":"https:\/\/vimezamora.es\/index.php?rest_route=\/wp\/v2\/pages\/2","targetHints":{"allow":["GET"]}}],"collection":[{"href":"https:\/\/vimezamora.es\/index.php?rest_route=\/wp\/v2\/pages"}],"about":[{"href":"https:\/\/vimezamora.es\/index.php?rest_route=\/wp\/v2\/types\/page"}],"author":[{"embeddable":true,"href":"https:\/\/vimezamora.es\/index.php?rest_route=\/wp\/v2\/users\/1"}],"replies":[{"embeddable":true,"href":"https:\/\/vimezamora.es\/index.php?rest_route=%2Fwp%2Fv2%2Fcomments&post=2"}],"version-history":[{"count":7,"href":"https:\/\/vimezamora.es\/index.php?rest_route=\/wp\/v2\/pages\/2\/revisions"}],"predecessor-version":[{"id":30,"href":"https:\/\/vimezamora.es\/index.php?rest_route=\/wp\/v2\/pages\/2\/revisions\/30"}],"wp:attachment":[{"href":"https:\/\/vimezamora.es\/index.php?rest_route=%2Fwp%2Fv2%2Fmedia&parent=2"}],"curies":[{"name":"wp","href":"https:\/\/api.w.org\/{rel}","templated":true}]}}